{"id":9,"date":"2025-05-06T09:47:54","date_gmt":"2025-05-06T09:47:54","guid":{"rendered":"https:\/\/karavanfamilia.hu\/?page_id=9"},"modified":"2025-05-26T16:12:44","modified_gmt":"2025-05-26T16:12:44","slug":"hamarosan-erkezunk","status":"publish","type":"page","link":"https:\/\/karavanfamilia.hu\/index.php\/hamarosan-erkezunk\/","title":{"rendered":"Hamarosan \u00e9rkez\u00fcnk"},"content":{"rendered":"\t\t<div data-elementor-type=\"wp-page\" data-elementor-id=\"9\" class=\"elementor elementor-9\" data-elementor-post-type=\"page\">\n\t\t\t\t\t\t<section class=\"elementor-section elementor-top-section elementor-element elementor-element-6009d8a6 elementor-section-height-min-height elementor-section-boxed elementor-section-height-default elementor-section-items-middle\" data-id=\"6009d8a6\" data-element_type=\"section\" data-settings=\"{&quot;background_background&quot;:&quot;slideshow&quot;,&quot;background_slideshow_gallery&quot;:[{&quot;id&quot;:63,&quot;url&quot;:&quot;https:\\\/\\\/karavanfamilia.hu\\\/wp-content\\\/uploads\\\/2025\\\/05\\\/karavanfamilia.png&quot;}],&quot;background_slideshow_loop&quot;:&quot;yes&quot;,&quot;background_slideshow_slide_duration&quot;:5000,&quot;background_slideshow_slide_transition&quot;:&quot;fade&quot;,&quot;background_slideshow_transition_duration&quot;:500}\">\n\t\t\t\t\t\t\t<div class=\"elementor-background-overlay\"><\/div>\n\t\t\t\t\t\t\t<div class=\"elementor-container elementor-column-gap-no\">\n\t\t\t\t\t<div class=\"elementor-column elementor-col-50 elementor-top-column elementor-element elementor-element-735e09a4\" data-id=\"735e09a4\" data-element_type=\"column\">\n\t\t\t<div class=\"elementor-widget-wrap elementor-element-populated\">\n\t\t\t\t\t\t<div class=\"elementor-element elementor-element-573b73dd elementor-invisible elementor-widget elementor-widget-heading\" data-id=\"573b73dd\" data-element_type=\"widget\" data-settings=\"{&quot;_animation&quot;:&quot;fadeInLeft&quot;}\" data-widget_type=\"heading.default\">\n\t\t\t\t<div class=\"elementor-widget-container\">\n\t\t\t\t\t<h1 class=\"elementor-heading-title elementor-size-default\">Oldalunk fejleszt\u00e9s alatt<\/h1>\t\t\t\t<\/div>\n\t\t\t\t<\/div>\n\t\t\t\t<div class=\"elementor-element elementor-element-74369131 elementor-invisible elementor-widget elementor-widget-heading\" data-id=\"74369131\" data-element_type=\"widget\" data-settings=\"{&quot;_animation&quot;:&quot;fadeInLeft&quot;,&quot;_animation_delay&quot;:400}\" data-widget_type=\"heading.default\">\n\t\t\t\t<div class=\"elementor-widget-container\">\n\t\t\t\t\t<h1 class=\"elementor-heading-title elementor-size-default\">Hamarosan \u00e9rkez\u00fcnk!<\/h1>\t\t\t\t<\/div>\n\t\t\t\t<\/div>\n\t\t\t\t<div class=\"elementor-element elementor-element-69812dda elementor-icon-list--layout-inline elementor-align-left elementor-mobile-align-center elementor-list-item-link-full_width elementor-invisible elementor-widget elementor-widget-icon-list\" data-id=\"69812dda\" data-element_type=\"widget\" data-settings=\"{&quot;_animation&quot;:&quot;fadeInLeft&quot;,&quot;_animation_delay&quot;:800}\" data-widget_type=\"icon-list.default\">\n\t\t\t\t<div class=\"elementor-widget-container\">\n\t\t\t\t\t\t\t<ul class=\"elementor-icon-list-items elementor-inline-items\">\n\t\t\t\t\t\t\t<li class=\"elementor-icon-list-item elementor-inline-item\">\n\t\t\t\t\t\t\t\t\t\t\t<a href=\"https:\/\/www.instagram.com\/karavanfamilia\/\">\n\n\t\t\t\t\t\t\t\t\t\t\t<span class=\"elementor-icon-list-text\">Instagram<\/span>\n\t\t\t\t\t\t\t\t\t\t\t<\/a>\n\t\t\t\t\t\t\t\t\t<\/li>\n\t\t\t\t\t\t\t\t<li class=\"elementor-icon-list-item elementor-inline-item\">\n\t\t\t\t\t\t\t\t\t\t\t<a href=\"https:\/\/open.spotify.com\/artist\/3ZYHfAVu4jrAVnv4VzRAGX\/discography\/all\">\n\n\t\t\t\t\t\t\t\t\t\t\t<span class=\"elementor-icon-list-text\">Spotify<\/span>\n\t\t\t\t\t\t\t\t\t\t\t<\/a>\n\t\t\t\t\t\t\t\t\t<\/li>\n\t\t\t\t\t\t\t\t<li class=\"elementor-icon-list-item elementor-inline-item\">\n\t\t\t\t\t\t\t\t\t\t\t<a href=\"https:\/\/www.youtube.com\/karavanfamilia\">\n\n\t\t\t\t\t\t\t\t\t\t\t<span class=\"elementor-icon-list-text\">Youtube<\/span>\n\t\t\t\t\t\t\t\t\t\t\t<\/a>\n\t\t\t\t\t\t\t\t\t<\/li>\n\t\t\t\t\t\t\t\t<li class=\"elementor-icon-list-item elementor-inline-item\">\n\t\t\t\t\t\t\t\t\t\t\t<a href=\"https:\/\/www.facebook.com\/KaravanFamilia\">\n\n\t\t\t\t\t\t\t\t\t\t\t<span class=\"elementor-icon-list-text\">Facebook<\/span>\n\t\t\t\t\t\t\t\t\t\t\t<\/a>\n\t\t\t\t\t\t\t\t\t<\/li>\n\t\t\t\t\t\t<\/ul>\n\t\t\t\t\t\t<\/div>\n\t\t\t\t<\/div>\n\t\t\t\t<div class=\"elementor-element elementor-element-a2dfd16 elementor-widget elementor-widget-heading\" data-id=\"a2dfd16\" data-element_type=\"widget\" data-widget_type=\"heading.default\">\n\t\t\t\t<div class=\"elementor-widget-container\">\n\t\t\t\t\t<h2 class=\"elementor-heading-title elementor-size-default\">m\u00e1jusi koncertek:<\/h2>\t\t\t\t<\/div>\n\t\t\t\t<\/div>\n\t\t\t\t<div class=\"elementor-element elementor-element-656c90b elementor-icon-list--layout-inline elementor-align-left elementor-mobile-align-center elementor-list-item-link-full_width elementor-invisible elementor-widget elementor-widget-icon-list\" data-id=\"656c90b\" data-element_type=\"widget\" data-settings=\"{&quot;_animation&quot;:&quot;fadeInLeft&quot;,&quot;_animation_delay&quot;:800}\" data-widget_type=\"icon-list.default\">\n\t\t\t\t<div class=\"elementor-widget-container\">\n\t\t\t\t\t\t\t<ul class=\"elementor-icon-list-items elementor-inline-items\">\n\t\t\t\t\t\t\t<li class=\"elementor-icon-list-item elementor-inline-item\">\n\t\t\t\t\t\t\t\t\t\t\t<a href=\"https:\/\/karavanma.hu\/fesztival\/\">\n\n\t\t\t\t\t\t\t\t\t\t\t<span class=\"elementor-icon-list-text\">Perspekt\u00edva fesztiv\u00e1l, M\u00e1jus 9.<\/span>\n\t\t\t\t\t\t\t\t\t\t\t<\/a>\n\t\t\t\t\t\t\t\t\t<\/li>\n\t\t\t\t\t\t<\/ul>\n\t\t\t\t\t\t<\/div>\n\t\t\t\t<\/div>\n\t\t\t\t<div class=\"elementor-element elementor-element-1c5442e elementor-icon-list--layout-inline elementor-align-left elementor-mobile-align-center elementor-list-item-link-full_width elementor-invisible elementor-widget elementor-widget-icon-list\" data-id=\"1c5442e\" data-element_type=\"widget\" data-settings=\"{&quot;_animation&quot;:&quot;fadeInLeft&quot;,&quot;_animation_delay&quot;:800}\" data-widget_type=\"icon-list.default\">\n\t\t\t\t<div class=\"elementor-widget-container\">\n\t\t\t\t\t\t\t<ul class=\"elementor-icon-list-items elementor-inline-items\">\n\t\t\t\t\t\t\t<li class=\"elementor-icon-list-item elementor-inline-item\">\n\t\t\t\t\t\t\t\t\t\t\t<a href=\"https:\/\/www.pmhkpomaz.hu\/hirek\/karavan-familia---tavaszunnep-koncert~n813\">\n\n\t\t\t\t\t\t\t\t\t\t\t<span class=\"elementor-icon-list-text\">Tavasz\u00fcnnep PMHK PlACC, M\u00e1jus 11.<\/span>\n\t\t\t\t\t\t\t\t\t\t\t<\/a>\n\t\t\t\t\t\t\t\t\t<\/li>\n\t\t\t\t\t\t<\/ul>\n\t\t\t\t\t\t<\/div>\n\t\t\t\t<\/div>\n\t\t\t\t<div class=\"elementor-element elementor-element-340217c elementor-icon-list--layout-inline elementor-align-left elementor-mobile-align-center elementor-list-item-link-full_width elementor-invisible elementor-widget elementor-widget-icon-list\" data-id=\"340217c\" data-element_type=\"widget\" data-settings=\"{&quot;_animation&quot;:&quot;fadeInLeft&quot;,&quot;_animation_delay&quot;:800}\" data-widget_type=\"icon-list.default\">\n\t\t\t\t<div class=\"elementor-widget-container\">\n\t\t\t\t\t\t\t<ul class=\"elementor-icon-list-items elementor-inline-items\">\n\t\t\t\t\t\t\t<li class=\"elementor-icon-list-item elementor-inline-item\">\n\t\t\t\t\t\t\t\t\t\t\t<a href=\"https:\/\/www.khamoro.cz\/en\/\">\n\n\t\t\t\t\t\t\t\t\t\t\t<span class=\"elementor-icon-list-text\">Khamoro fesztiv\u00e1l pr\u00e1ga, m\u00e1jus 30-31.<\/span>\n\t\t\t\t\t\t\t\t\t\t\t<\/a>\n\t\t\t\t\t\t\t\t\t<\/li>\n\t\t\t\t\t\t<\/ul>\n\t\t\t\t\t\t<\/div>\n\t\t\t\t<\/div>\n\t\t\t\t\t<\/div>\n\t\t<\/div>\n\t\t\t\t<div class=\"elementor-column elementor-col-50 elementor-top-column elementor-element elementor-element-60edc8d6\" data-id=\"60edc8d6\" data-element_type=\"column\">\n\t\t\t<div class=\"elementor-widget-wrap elementor-element-populated\">\n\t\t\t\t\t\t<div class=\"elementor-element elementor-element-2ed3150d elementor-widget elementor-widget-spacer\" data-id=\"2ed3150d\" data-element_type=\"widget\" data-widget_type=\"spacer.default\">\n\t\t\t\t<div class=\"elementor-widget-container\">\n\t\t\t\t\t\t\t<div class=\"elementor-spacer\">\n\t\t\t<div class=\"elementor-spacer-inner\"><\/div>\n\t\t<\/div>\n\t\t\t\t\t\t<\/div>\n\t\t\t\t<\/div>\n\t\t\t\t\t<\/div>\n\t\t<\/div>\n\t\t\t\t\t<\/div>\n\t\t<\/section>\n\t\t\t\t<section class=\"elementor-section elementor-top-section elementor-element elementor-element-67f167f3 elementor-section-boxed elementor-section-height-default elementor-section-height-default\" data-id=\"67f167f3\" data-element_type=\"section\">\n\t\t\t\t\t\t<div class=\"elementor-container elementor-column-gap-no\">\n\t\t\t\t\t<div class=\"elementor-column elementor-col-50 elementor-top-column elementor-element elementor-element-14eb3400\" data-id=\"14eb3400\" data-element_type=\"column\">\n\t\t\t<div class=\"elementor-widget-wrap elementor-element-populated\">\n\t\t\t\t\t\t<div class=\"elementor-element elementor-element-157a5e0c elementor-widget elementor-widget-heading\" data-id=\"157a5e0c\" data-element_type=\"widget\" data-widget_type=\"heading.default\">\n\t\t\t\t<div class=\"elementor-widget-container\">\n\t\t\t\t\t<h3 class=\"elementor-heading-title elementor-size-default\">Leg\u00fajabb Albumunk :<\/h3>\t\t\t\t<\/div>\n\t\t\t\t<\/div>\n\t\t\t\t<section class=\"elementor-section elementor-inner-section elementor-element elementor-element-2f9bd4b3 elementor-section-boxed elementor-section-height-default elementor-section-height-default elementor-invisible\" data-id=\"2f9bd4b3\" data-element_type=\"section\" data-settings=\"{&quot;background_background&quot;:&quot;classic&quot;,&quot;animation&quot;:&quot;fadeInUp&quot;,&quot;animation_delay&quot;:100}\">\n\t\t\t\t\t\t<div class=\"elementor-container elementor-column-gap-no\">\n\t\t\t\t\t<div class=\"elementor-column elementor-col-50 elementor-inner-column elementor-element elementor-element-24e6bef8\" data-id=\"24e6bef8\" data-element_type=\"column\">\n\t\t\t<div class=\"elementor-widget-wrap elementor-element-populated\">\n\t\t\t\t\t\t<div class=\"elementor-element elementor-element-496d8d3d elementor-widget elementor-widget-image\" data-id=\"496d8d3d\" data-element_type=\"widget\" data-widget_type=\"image.default\">\n\t\t\t\t<div class=\"elementor-widget-container\">\n\t\t\t\t\t\t\t\t\t\t\t\t\t\t\t<img fetchpriority=\"high\" decoding=\"async\" width=\"640\" height=\"640\" src=\"https:\/\/karavanfamilia.hu\/wp-content\/uploads\/2025\/05\/arva-lettem.png\" class=\"attachment-full size-full wp-image-55\" alt=\"\" srcset=\"https:\/\/karavanfamilia.hu\/wp-content\/uploads\/2025\/05\/arva-lettem.png 640w, https:\/\/karavanfamilia.hu\/wp-content\/uploads\/2025\/05\/arva-lettem-300x300.png 300w, https:\/\/karavanfamilia.hu\/wp-content\/uploads\/2025\/05\/arva-lettem-150x150.png 150w, https:\/\/karavanfamilia.hu\/wp-content\/uploads\/2025\/05\/arva-lettem-600x600.png 600w\" sizes=\"(max-width: 640px) 100vw, 640px\" \/>\t\t\t\t\t\t\t\t\t\t\t\t\t\t\t<\/div>\n\t\t\t\t<\/div>\n\t\t\t\t\t<\/div>\n\t\t<\/div>\n\t\t\t\t<div class=\"elementor-column elementor-col-50 elementor-inner-column elementor-element elementor-element-601eb5fb\" data-id=\"601eb5fb\" data-element_type=\"column\">\n\t\t\t<div class=\"elementor-widget-wrap elementor-element-populated\">\n\t\t\t\t\t\t<div class=\"elementor-element elementor-element-56369394 elementor-widget elementor-widget-elementskit-video\" data-id=\"56369394\" data-element_type=\"widget\" data-widget_type=\"elementskit-video.default\">\n\t\t\t\t<div class=\"elementor-widget-container\">\n\t\t\t\t\t<div class=\"ekit-wid-con\" >\t\t<div class=\"video-content\" data-video-player=\"[]\" data-video-setting=\"{&quot;videoVolume&quot;:&quot;horizontal&quot;,&quot;startVolume&quot;:0.8,&quot;videoType&quot;:&quot;iframe&quot;,&quot;videoClass&quot;:&quot;mfp-fade&quot;}\">\n\t\t\t\n<a class=\"ekit_icon_button ekit-video-popup ekit-video-popup-btn\" href=\"https:\/\/www.youtube.com\/embed\/QEdK7qQETKI?feature=oembed?playlist=QEdK7qQETKI&amp;mute=0&amp;autoplay=0&amp;loop=no&amp;controls=0&amp;start=0&amp;end=\" aria-label=\"video-popup\">\n\t\t\t\t<i aria-hidden=\"true\" class=\"icon icon-play-button\"><\/i>\t\t<\/a>\n\t\t\t\t\t<\/div>\n\t\t<\/div>\t\t\t\t<\/div>\n\t\t\t\t<\/div>\n\t\t\t\t<div class=\"elementor-element elementor-element-769a2057 elementor-widget elementor-widget-heading\" data-id=\"769a2057\" data-element_type=\"widget\" data-widget_type=\"heading.default\">\n\t\t\t\t<div class=\"elementor-widget-container\">\n\t\t\t\t\t<h3 class=\"elementor-heading-title elementor-size-default\">\u00c1rva lettem<\/h3>\t\t\t\t<\/div>\n\t\t\t\t<\/div>\n\t\t\t\t<div class=\"elementor-element elementor-element-664fa7e4 elementor-icon-list--layout-inline elementor-align-left elementor-mobile-align-center elementor-list-item-link-full_width elementor-widget elementor-widget-icon-list\" data-id=\"664fa7e4\" data-element_type=\"widget\" data-widget_type=\"icon-list.default\">\n\t\t\t\t<div class=\"elementor-widget-container\">\n\t\t\t\t\t\t\t<ul class=\"elementor-icon-list-items elementor-inline-items\">\n\t\t\t\t\t\t\t<li class=\"elementor-icon-list-item elementor-inline-item\">\n\t\t\t\t\t\t\t\t\t\t\t<a href=\"https:\/\/open.spotify.com\/album\/7FAfdrfvRi4xAx2gvVlJ0k\">\n\n\t\t\t\t\t\t\t\t\t\t\t\t<span class=\"elementor-icon-list-icon\">\n\t\t\t\t\t\t\t<svg aria-hidden=\"true\" class=\"e-font-icon-svg e-fab-spotify\" viewBox=\"0 0 496 512\" xmlns=\"http:\/\/www.w3.org\/2000\/svg\"><path d=\"M248 8C111.1 8 0 119.1 0 256s111.1 248 248 248 248-111.1 248-248S384.9 8 248 8zm100.7 364.9c-4.2 0-6.8-1.3-10.7-3.6-62.4-37.6-135-39.2-206.7-24.5-3.9 1-9 2.6-11.9 2.6-9.7 0-15.8-7.7-15.8-15.8 0-10.3 6.1-15.2 13.6-16.8 81.9-18.1 165.6-16.5 237 26.2 6.1 3.9 9.7 7.4 9.7 16.5s-7.1 15.4-15.2 15.4zm26.9-65.6c-5.2 0-8.7-2.3-12.3-4.2-62.5-37-155.7-51.9-238.6-29.4-4.8 1.3-7.4 2.6-11.9 2.6-10.7 0-19.4-8.7-19.4-19.4s5.2-17.8 15.5-20.7c27.8-7.8 56.2-13.6 97.8-13.6 64.9 0 127.6 16.1 177 45.5 8.1 4.8 11.3 11 11.3 19.7-.1 10.8-8.5 19.5-19.4 19.5zm31-76.2c-5.2 0-8.4-1.3-12.9-3.9-71.2-42.5-198.5-52.7-280.9-29.7-3.6 1-8.1 2.6-12.9 2.6-13.2 0-23.3-10.3-23.3-23.6 0-13.6 8.4-21.3 17.4-23.9 35.2-10.3 74.6-15.2 117.5-15.2 73 0 149.5 15.2 205.4 47.8 7.8 4.5 12.9 10.7 12.9 22.6 0 13.6-11 23.3-23.2 23.3z\"><\/path><\/svg>\t\t\t\t\t\t<\/span>\n\t\t\t\t\t\t\t\t\t\t<span class=\"elementor-icon-list-text\"><\/span>\n\t\t\t\t\t\t\t\t\t\t\t<\/a>\n\t\t\t\t\t\t\t\t\t<\/li>\n\t\t\t\t\t\t<\/ul>\n\t\t\t\t\t\t<\/div>\n\t\t\t\t<\/div>\n\t\t\t\t\t<\/div>\n\t\t<\/div>\n\t\t\t\t\t<\/div>\n\t\t<\/section>\n\t\t\t\t\t<\/div>\n\t\t<\/div>\n\t\t\t\t<div class=\"elementor-column elementor-col-50 elementor-top-column elementor-element elementor-element-3b3332b3 elementor-hidden-phone\" data-id=\"3b3332b3\" data-element_type=\"column\">\n\t\t\t<div class=\"elementor-widget-wrap elementor-element-populated\">\n\t\t\t\t\t\t<div class=\"elementor-element elementor-element-697372ab elementor-widget elementor-widget-spacer\" data-id=\"697372ab\" data-element_type=\"widget\" data-widget_type=\"spacer.default\">\n\t\t\t\t<div class=\"elementor-widget-container\">\n\t\t\t\t\t\t\t<div class=\"elementor-spacer\">\n\t\t\t<div class=\"elementor-spacer-inner\"><\/div>\n\t\t<\/div>\n\t\t\t\t\t\t<\/div>\n\t\t\t\t<\/div>\n\t\t\t\t\t<\/div>\n\t\t<\/div>\n\t\t\t\t\t<\/div>\n\t\t<\/section>\n\t\t\t\t<\/div>\n\t\t","protected":false},"excerpt":{"rendered":"<p>Oldalunk fejleszt\u00e9s alatt Hamarosan \u00e9rkez\u00fcnk! Instagram Spotify Youtube Facebook m\u00e1jusi koncertek: Perspekt\u00edva fesztiv\u00e1l, M\u00e1jus 9. Tavasz\u00fcnnep PMHK PlACC, M\u00e1jus 11. Khamoro fesztiv\u00e1l pr\u00e1ga, m\u00e1jus 30-31. Leg\u00fajabb Albumunk : \u00c1rva lettem<\/p>\n","protected":false},"author":1,"featured_media":0,"parent":0,"menu_order":0,"comment_status":"closed","ping_status":"closed","template":"","meta":{"footnotes":""},"class_list":["post-9","page","type-page","status-publish","hentry","entry"],"yoast_head":"<!-- This site is optimized with the Yoast SEO plugin v25.2 - https:\/\/yoast.com\/wordpress\/plugins\/seo\/ -->\n<title>Karav\u00e1n familia - T\u00f6bb, mint folkl\u00f3r...<\/title>\n<meta name=\"description\" content=\"A Karav\u00e1n Fam\u00edlia egy k\u00fcl\u00f6nleges csal\u00e1di zenekar, amelynek hangz\u00e1sa a sz\u00fcl\u0151k \u00e9s gyermekeik k\u00f6z\u00f6tti emberi \u00e9s zenei \u00f6sszhangra \u00e9p\u00fcl.Cig\u00e1ny n\u00e9pzene - vil\u00e1gzene - v\u00e1rosi folkl\u00f3r saj\u00e1t st\u00edlusban.\" \/>\n<meta name=\"robots\" content=\"index, follow, max-snippet:-1, max-image-preview:large, max-video-preview:-1\" \/>\n<link rel=\"canonical\" href=\"https:\/\/karavanfamilia.hu\/index.php\/hamarosan-erkezunk\/\" \/>\n<meta property=\"og:locale\" content=\"hu_HU\" \/>\n<meta property=\"og:type\" content=\"article\" \/>\n<meta property=\"og:title\" content=\"Karav\u00e1n familia - T\u00f6bb, mint folkl\u00f3r...\" \/>\n<meta property=\"og:description\" content=\"A Karav\u00e1n Fam\u00edlia egy k\u00fcl\u00f6nleges csal\u00e1di zenekar, amelynek hangz\u00e1sa a sz\u00fcl\u0151k \u00e9s gyermekeik k\u00f6z\u00f6tti emberi \u00e9s zenei \u00f6sszhangra \u00e9p\u00fcl.Cig\u00e1ny n\u00e9pzene - vil\u00e1gzene - v\u00e1rosi folkl\u00f3r saj\u00e1t st\u00edlusban.\" \/>\n<meta property=\"og:url\" content=\"https:\/\/karavanfamilia.hu\/index.php\/hamarosan-erkezunk\/\" \/>\n<meta property=\"og:site_name\" content=\"Karav\u00e1n familia\" \/>\n<meta property=\"article:publisher\" content=\"https:\/\/www.facebook.com\/KaravanFamilia\" \/>\n<meta property=\"article:modified_time\" content=\"2025-05-26T16:12:44+00:00\" \/>\n<meta property=\"og:image\" content=\"https:\/\/karavanfamilia.hu\/wp-content\/uploads\/2025\/05\/arva-lettem.png\" \/>\n<meta name=\"twitter:card\" content=\"summary_large_image\" \/>\n<meta name=\"twitter:label1\" content=\"Becs\u00fclt olvas\u00e1si id\u0151\" \/>\n\t<meta name=\"twitter:data1\" content=\"1 perc\" \/>\n<script type=\"application\/ld+json\" class=\"yoast-schema-graph\">{\"@context\":\"https:\/\/schema.org\",\"@graph\":[{\"@type\":\"WebPage\",\"@id\":\"https:\/\/karavanfamilia.hu\/index.php\/hamarosan-erkezunk\/\",\"url\":\"https:\/\/karavanfamilia.hu\/index.php\/hamarosan-erkezunk\/\",\"name\":\"Karav\u00e1n familia - T\u00f6bb, mint folkl\u00f3r...\",\"isPartOf\":{\"@id\":\"https:\/\/karavanfamilia.hu\/#website\"},\"primaryImageOfPage\":{\"@id\":\"https:\/\/karavanfamilia.hu\/index.php\/hamarosan-erkezunk\/#primaryimage\"},\"image\":{\"@id\":\"https:\/\/karavanfamilia.hu\/index.php\/hamarosan-erkezunk\/#primaryimage\"},\"thumbnailUrl\":\"https:\/\/karavanfamilia.hu\/wp-content\/uploads\/2025\/05\/arva-lettem.png\",\"datePublished\":\"2025-05-06T09:47:54+00:00\",\"dateModified\":\"2025-05-26T16:12:44+00:00\",\"description\":\"A Karav\u00e1n Fam\u00edlia egy k\u00fcl\u00f6nleges csal\u00e1di zenekar, amelynek hangz\u00e1sa a sz\u00fcl\u0151k \u00e9s gyermekeik k\u00f6z\u00f6tti emberi \u00e9s zenei \u00f6sszhangra \u00e9p\u00fcl.Cig\u00e1ny n\u00e9pzene - vil\u00e1gzene - v\u00e1rosi folkl\u00f3r saj\u00e1t st\u00edlusban.\",\"breadcrumb\":{\"@id\":\"https:\/\/karavanfamilia.hu\/index.php\/hamarosan-erkezunk\/#breadcrumb\"},\"inLanguage\":\"hu\",\"potentialAction\":[{\"@type\":\"ReadAction\",\"target\":[\"https:\/\/karavanfamilia.hu\/index.php\/hamarosan-erkezunk\/\"]}]},{\"@type\":\"ImageObject\",\"inLanguage\":\"hu\",\"@id\":\"https:\/\/karavanfamilia.hu\/index.php\/hamarosan-erkezunk\/#primaryimage\",\"url\":\"https:\/\/karavanfamilia.hu\/wp-content\/uploads\/2025\/05\/arva-lettem.png\",\"contentUrl\":\"https:\/\/karavanfamilia.hu\/wp-content\/uploads\/2025\/05\/arva-lettem.png\",\"width\":640,\"height\":640},{\"@type\":\"BreadcrumbList\",\"@id\":\"https:\/\/karavanfamilia.hu\/index.php\/hamarosan-erkezunk\/#breadcrumb\",\"itemListElement\":[{\"@type\":\"ListItem\",\"position\":1,\"name\":\"Kezd\u0151lap\",\"item\":\"https:\/\/karavanfamilia.hu\/\"},{\"@type\":\"ListItem\",\"position\":2,\"name\":\"Hamarosan \u00e9rkez\u00fcnk\"}]},{\"@type\":\"WebSite\",\"@id\":\"https:\/\/karavanfamilia.hu\/#website\",\"url\":\"https:\/\/karavanfamilia.hu\/\",\"name\":\"Karav\u00e1n familia\",\"description\":\"\",\"potentialAction\":[{\"@type\":\"SearchAction\",\"target\":{\"@type\":\"EntryPoint\",\"urlTemplate\":\"https:\/\/karavanfamilia.hu\/?s={search_term_string}\"},\"query-input\":{\"@type\":\"PropertyValueSpecification\",\"valueRequired\":true,\"valueName\":\"search_term_string\"}}],\"inLanguage\":\"hu\"}]}<\/script>\n<!-- \/ Yoast SEO plugin. -->","yoast_head_json":{"title":"Karav\u00e1n familia - T\u00f6bb, mint folkl\u00f3r...","description":"A Karav\u00e1n Fam\u00edlia egy k\u00fcl\u00f6nleges csal\u00e1di zenekar, amelynek hangz\u00e1sa a sz\u00fcl\u0151k \u00e9s gyermekeik k\u00f6z\u00f6tti emberi \u00e9s zenei \u00f6sszhangra \u00e9p\u00fcl.Cig\u00e1ny n\u00e9pzene - vil\u00e1gzene - v\u00e1rosi folkl\u00f3r saj\u00e1t st\u00edlusban.","robots":{"index":"index","follow":"follow","max-snippet":"max-snippet:-1","max-image-preview":"max-image-preview:large","max-video-preview":"max-video-preview:-1"},"canonical":"https:\/\/karavanfamilia.hu\/index.php\/hamarosan-erkezunk\/","og_locale":"hu_HU","og_type":"article","og_title":"Karav\u00e1n familia - T\u00f6bb, mint folkl\u00f3r...","og_description":"A Karav\u00e1n Fam\u00edlia egy k\u00fcl\u00f6nleges csal\u00e1di zenekar, amelynek hangz\u00e1sa a sz\u00fcl\u0151k \u00e9s gyermekeik k\u00f6z\u00f6tti emberi \u00e9s zenei \u00f6sszhangra \u00e9p\u00fcl.Cig\u00e1ny n\u00e9pzene - vil\u00e1gzene - v\u00e1rosi folkl\u00f3r saj\u00e1t st\u00edlusban.","og_url":"https:\/\/karavanfamilia.hu\/index.php\/hamarosan-erkezunk\/","og_site_name":"Karav\u00e1n familia","article_publisher":"https:\/\/www.facebook.com\/KaravanFamilia","article_modified_time":"2025-05-26T16:12:44+00:00","og_image":[{"url":"https:\/\/karavanfamilia.hu\/wp-content\/uploads\/2025\/05\/arva-lettem.png","type":"","width":"","height":""}],"twitter_card":"summary_large_image","twitter_misc":{"Becs\u00fclt olvas\u00e1si id\u0151":"1 perc"},"schema":{"@context":"https:\/\/schema.org","@graph":[{"@type":"WebPage","@id":"https:\/\/karavanfamilia.hu\/index.php\/hamarosan-erkezunk\/","url":"https:\/\/karavanfamilia.hu\/index.php\/hamarosan-erkezunk\/","name":"Karav\u00e1n familia - T\u00f6bb, mint folkl\u00f3r...","isPartOf":{"@id":"https:\/\/karavanfamilia.hu\/#website"},"primaryImageOfPage":{"@id":"https:\/\/karavanfamilia.hu\/index.php\/hamarosan-erkezunk\/#primaryimage"},"image":{"@id":"https:\/\/karavanfamilia.hu\/index.php\/hamarosan-erkezunk\/#primaryimage"},"thumbnailUrl":"https:\/\/karavanfamilia.hu\/wp-content\/uploads\/2025\/05\/arva-lettem.png","datePublished":"2025-05-06T09:47:54+00:00","dateModified":"2025-05-26T16:12:44+00:00","description":"A Karav\u00e1n Fam\u00edlia egy k\u00fcl\u00f6nleges csal\u00e1di zenekar, amelynek hangz\u00e1sa a sz\u00fcl\u0151k \u00e9s gyermekeik k\u00f6z\u00f6tti emberi \u00e9s zenei \u00f6sszhangra \u00e9p\u00fcl.Cig\u00e1ny n\u00e9pzene - vil\u00e1gzene - v\u00e1rosi folkl\u00f3r saj\u00e1t st\u00edlusban.","breadcrumb":{"@id":"https:\/\/karavanfamilia.hu\/index.php\/hamarosan-erkezunk\/#breadcrumb"},"inLanguage":"hu","potentialAction":[{"@type":"ReadAction","target":["https:\/\/karavanfamilia.hu\/index.php\/hamarosan-erkezunk\/"]}]},{"@type":"ImageObject","inLanguage":"hu","@id":"https:\/\/karavanfamilia.hu\/index.php\/hamarosan-erkezunk\/#primaryimage","url":"https:\/\/karavanfamilia.hu\/wp-content\/uploads\/2025\/05\/arva-lettem.png","contentUrl":"https:\/\/karavanfamilia.hu\/wp-content\/uploads\/2025\/05\/arva-lettem.png","width":640,"height":640},{"@type":"BreadcrumbList","@id":"https:\/\/karavanfamilia.hu\/index.php\/hamarosan-erkezunk\/#breadcrumb","itemListElement":[{"@type":"ListItem","position":1,"name":"Kezd\u0151lap","item":"https:\/\/karavanfamilia.hu\/"},{"@type":"ListItem","position":2,"name":"Hamarosan \u00e9rkez\u00fcnk"}]},{"@type":"WebSite","@id":"https:\/\/karavanfamilia.hu\/#website","url":"https:\/\/karavanfamilia.hu\/","name":"Karav\u00e1n familia","description":"","potentialAction":[{"@type":"SearchAction","target":{"@type":"EntryPoint","urlTemplate":"https:\/\/karavanfamilia.hu\/?s={search_term_string}"},"query-input":{"@type":"PropertyValueSpecification","valueRequired":true,"valueName":"search_term_string"}}],"inLanguage":"hu"}]}},"_links":{"self":[{"href":"https:\/\/karavanfamilia.hu\/index.php\/wp-json\/wp\/v2\/pages\/9","targetHints":{"allow":["GET"]}}],"collection":[{"href":"https:\/\/karavanfamilia.hu\/index.php\/wp-json\/wp\/v2\/pages"}],"about":[{"href":"https:\/\/karavanfamilia.hu\/index.php\/wp-json\/wp\/v2\/types\/page"}],"author":[{"embeddable":true,"href":"https:\/\/karavanfamilia.hu\/index.php\/wp-json\/wp\/v2\/users\/1"}],"replies":[{"embeddable":true,"href":"https:\/\/karavanfamilia.hu\/index.php\/wp-json\/wp\/v2\/comments?post=9"}],"version-history":[{"count":92,"href":"https:\/\/karavanfamilia.hu\/index.php\/wp-json\/wp\/v2\/pages\/9\/revisions"}],"predecessor-version":[{"id":1090,"href":"https:\/\/karavanfamilia.hu\/index.php\/wp-json\/wp\/v2\/pages\/9\/revisions\/1090"}],"wp:attachment":[{"href":"https:\/\/karavanfamilia.hu\/index.php\/wp-json\/wp\/v2\/media?parent=9"}],"curies":[{"name":"wp","href":"https:\/\/api.w.org\/{rel}","templated":true}]}}